{"id":3,"date":"2021-02-07T11:57:17","date_gmt":"2021-02-07T10:57:17","guid":{"rendered":"https:\/\/marcosrenatobruno.it\/arc\/?page_id=3"},"modified":"2021-03-31T02:49:55","modified_gmt":"2021-03-31T00:49:55","slug":"privacy-policy-2","status":"publish","type":"page","link":"https:\/\/archstudio96.com\/index.php\/privacy-policy-2\/","title":{"rendered":"Privacy policy"},"content":{"rendered":"\t\t<div data-elementor-type=\"wp-page\" data-elementor-id=\"3\" class=\"elementor elementor-3\" data-elementor-settings=\"[]\">\n\t\t\t\t\t\t\t<div class=\"elementor-section-wrap\">\n\t\t\t\t\t\t\t<section data-particle_enable=\"false\" data-particle-mobile-disabled=\"false\" class=\"elementor-section elementor-top-section elementor-element elementor-element-5fb20ed4 elementor-section-boxed elementor-section-height-default elementor-section-height-default\" data-id=\"5fb20ed4\" data-element_type=\"section\">\n\t\t\t\t\t\t<div class=\"elementor-container elementor-column-gap-default\">\n\t\t\t\t\t<div class=\"elementor-column elementor-col-100 elementor-top-column elementor-element elementor-element-2516c3ab ot-flex-column-vertical\" data-id=\"2516c3ab\" data-element_type=\"column\">\n\t\t\t<div class=\"elementor-widget-wrap elementor-element-populated\">\n\t\t\t\t\t\t\t\t<div class=\"elementor-element elementor-element-2bfa386f elementor-widget elementor-widget-text-editor\" data-id=\"2bfa386f\" data-element_type=\"widget\" data-widget_type=\"text-editor.default\">\n\t\t\t\t<div class=\"elementor-widget-container\">\n\t\t\t\t\t<div class=\"elementor-text-editor elementor-clearfix\"><p><!-- wp:heading --><\/p>\n<p class=\"p1\"><b>Informativa ai sensi dell\u2019art. 13 del Codice della Privacy<\/b><\/p>\n<p class=\"p1\"><b>Ai sensi dell\u2019articolo 13 del codice della D.Lgs. 196\/2003, vi rendiamo le seguenti informazioni.<\/b><\/p>\n<p class=\"p1\">Noi di\u00a0<b>archstudio96.com<\/b>\u00a0riteniamo che la privacy dei nostri visitatori sia estremamente importante. Questo documento descrive dettagliatamente i tipi di informazioni personali raccolti e registrati dal nostro sito e come essi vengano utilizzati.<\/p>\n<p class=\"p1\">File di Registrazione (Log Files)<\/p>\n<p class=\"p1\">Come molti altri siti web, il nostro utilizza file di log. Questi file registrano semplicemente i visitatori del sito \u2013 di solito una procedura standard delle aziende di hosting e dei servizi di analisi degli hosting.<\/p>\n<p class=\"p1\">Le informazioni contenute nei file di registro comprendono indirizzi di protocollo Internet (IP), il tipo di browser, Internet Service Provider (ISP), informazioni come data e ora, pagine referral, pagine d\u2019uscita ed entrata o il numero di clic.<\/p>\n<p class=\"p1\">Queste informazioni vengono utilizzate per analizzare le tendenze, amministrare il sito, monitorare il movimento degli utenti sul sito e raccogliere informazioni demografiche. Gli indirizzi IP e le altre informazioni non sono collegate a informazioni personali che possono essere identificate, dunque\u00a0<b>tutti i dati sono raccolti in forma assolutamente anonima<\/b>.<\/p>\n<p class=\"p1\"><b>Questo sito web utilizza i Cookies<\/b><\/p>\n<p class=\"p1\">I cookies sono piccoli file di testo che vengono automaticamente posizionati sul PC del navigatore all\u2019interno del browser. Essi contengono informazioni di base sulla navigazione in Internet e grazie al browser vengono riconosciuti ogni volta che l\u2019utente visita il sito.<\/p>\n<p class=\"p1\"><b>Cookie Policy<\/b><\/p>\n<p class=\"p1\">Questo sito utilizza cookies, anche di terze parti, per migliorarne l\u2019esperienza di navigazione, consentire a chi naviga di usufruire di eventuali servizi online e monitorare la navigazione nel sito.<\/p>\n<p class=\"p1\"><b>Come disabilitare i Cookies<\/b><\/p>\n<p class=\"p1\">E\u2019 possibile disabilitare i cookies direttamente dal browser utilizzato, accedendo alle impostazioni (preferenze oppure opzioni): questa scelta potrebbe limitare alcune funzionalit\u00e0 di navigazione del sito.<\/p>\n<p class=\"p1\"><b>Gestione dei Cookies<\/b><\/p>\n<p class=\"p1\">I cookies utilizzati in questo sito possono rientrare nelle categorie descritte di seguito.<\/p>\n<ul class=\"ul1\">\n<li class=\"li1\"><b>Attivit\u00e0 strettamente necessarie al funzionamento<\/b><br \/>Questi cookies hanno natura tecnica e permettono al sito di funzionare correttamente. Ad esempio, mantengono l\u2019utente collegato durante la navigazione evitando che il sito richieda di collegarsi pi\u00f9 volte per accedere alle pagine successive.<\/li>\n<li class=\"li1\"><b>Attivit\u00e0 di salvataggio delle preferenze<\/b><br \/>Questi cookie permettono di ricordare le preferenze selezionate dall\u2019utente durante la navigazione, ad esempio, consentono di impostare la lingua.<\/li>\n<li class=\"li1\"><b>Attivit\u00e0 Statistiche e di Misurazione dell\u2019audience (es: Google Analytics)<\/b><br \/>Questi cookie ci aiutano a capire, attraverso dati raccolti in forma anonima e aggregata, come gli utenti interagiscono con i siti internet fornendo informazioni relative alle sezioni visitate, il tempo trascorso sul sito, eventuali malfunzionamenti. Questo aiuta a migliorare la resa dei siti internet.<\/li>\n<li class=\"li1\"><b>Cookie di social media (es: Facebook)<\/b><br \/>Questi cookie di terza parte vengono utilizzati per integrare alcune diffuse funzionalit\u00e0 dei principali social media e fornirle all\u2019interno del sito. In particolare permettono la registrazione e l\u2019autenticazione sul sito tramite facebook e google connect, la condivisione e i commenti di pagine del sito sui social, abilitano le funzionalit\u00e0 del \u201cmi piace\u201d su Facebook e del \u201c+1\u2033 su G+.<\/li>\n<\/ul>\n<p class=\"p1\"><b>Fornitori di terze parti<\/b><\/p>\n<p class=\"p1\">I fornitori di terze parti, tra cui Google, utilizzano cookie per pubblicare annunci in base alle precedenti visite di un utente su questo sito.<\/p>\n<p class=\"p1\">L\u2019utilizzo dei cookie per la pubblicit\u00e0 consente a Google e ai suoi partner di pubblicare annunci per gli utenti di questo sito (e su altri siti) in base ai dati statistici raccolti su questo sito e sui siti web dei partner Google.<\/p>\n<p class=\"p1\">Gli utenti possono scegliere di disattivare la pubblicit\u00e0 personalizzata, visitando la pagina\u00a0<a href=\"https:\/\/www.google.com\/settings\/ads\"><span class=\"s2\">Impostazioni annunci<\/span><\/a>.<\/p>\n<p class=\"p1\">Visitando la pagina www.aboutads.info potrai disattivare i cookies dei fornitori di terze parti.<\/p>\n<p class=\"p1\">I nostri partner pubblicitari<\/p>\n<p class=\"p1\">Alcuni dei nostri partner pubblicitari possono utilizzare i cookies sul nostro sito per raccogliere dati sulla navigazione degli utenti in forma anonima. Tra i nostri partner pubblicitari figurano:<\/p>\n<ul class=\"ul1\">\n<li class=\"li1\">BookingEngine<\/li>\n<\/ul>\n<p class=\"p1\">Gli annunci dei fornitori terze parti gestiscono reti pubblicitarie che utilizzano la tecnologia dei cookies nei rispettivi annunci e nei link che appaiono sul nostro sito. Gli annunci vengono cos\u00ec inviati direttamente al tuo browser. Riceveranno automaticamente il tuo indirizzo IP. Altre tecnologie (come i cookie o JavaScript) possono anche essere utilizzati dalle reti pubblicitarie di terze parti del nostro sito per misurare l\u2019efficacia delle loro campagne pubblicitarie e\/o personalizzare i contenuti pubblicitari che vedete sul sito.<\/p>\n<p class=\"p1\">Il nostro sito non ha accesso o non controlla questi cookie utilizzati da inserzionisti di terze parti.<\/p>\n<p class=\"p1\"><b>Norme sulla privacy di terze parti<\/b><\/p>\n<p class=\"p1\">\u00c8 necessario consultare le rispettive norme sulla privacy di questi server di terze parti per ulteriori informazioni sulle loro pratiche e per istruzioni su come disattivare alcune pratiche.<\/p>\n<p class=\"p1\">La nostra politica sulla privacy non si applica ai fornitori di terze parti ed ai partner pubblicitari, e non possiamo controllare le attivit\u00e0 di tali altri inserzionisti o siti web.<\/p>\n<p class=\"p1\">Se desideri disattivare i cookie, puoi farlo attraverso le tue singole opzioni del browser. Ulteriori informazioni sulla gestione dei cookie con browser web specifico possono essere trovati nei rispettivi siti web dei browser<\/p>\n<p class=\"p1\">Finalit\u00e0 del trattamento<\/p>\n<p class=\"p1\">I dati possono essere raccolti per una o pi\u00f9 delle seguenti finalit\u00e0:<\/p>\n<ul class=\"ul1\">\n<li class=\"li1\">fornire l\u2019accesso ad aree riservate del Portale e di Portali\/siti collegati con il presente e all\u2019invio di comunicazioni anche di carattere commerciale, notizie, aggiornamenti sulle iniziative di questo sito e delle societ\u00e0 da essa controllate e\/o collegate e\/o Sponsor.<\/li>\n<li class=\"li1\">eventuale cessione a terzi dei suddetti dati, sempre finalizzata alla realizzazione di campagne di email marketing ed all\u2019invio di comunicazioni di carattere commerciale.<\/li>\n<li class=\"li1\">eseguire gli obblighi previsti da leggi o regolamenti;<\/li>\n<li class=\"li1\">gestione contatti;<\/li>\n<\/ul>\n<p class=\"p1\"><b>Modalit\u00e0 del trattamento<\/b><\/p>\n<p class=\"p1\">I dati verranno trattati con le seguenti modalit\u00e0:<\/p>\n<ul class=\"ul1\">\n<li class=\"li1\">raccolta dati con modalit\u00e0 single-opt, in apposito database;<\/li>\n<li class=\"li1\">registrazione ed elaborazione su supporto cartaceo e\/o magnetico;<\/li>\n<li class=\"li1\">organizzazione degli archivi in forma prevalentemente automatizzata, ai sensi del Disciplinare Tecnico in materia di misure minime di sicurezza, Allegato B del Codice della Privacy.<\/li>\n<\/ul>\n<p class=\"p1\"><b>Natura obbligatoria<\/b><\/p>\n<p class=\"p1\">Tutti i dati richiesti sono obbligatori.<\/p>\n<p class=\"p1\">Soggetti a cui dati potranno essere comunicati i dati personali<\/p>\n<p class=\"p1\">I dati raccolti potranno essere comunicati a:<\/p>\n<ul class=\"ul1\">\n<li class=\"li1\">societ\u00e0 e imprese per usi di direct mailing o attivit\u00e0 analoghe;<\/li>\n<li class=\"li1\">associazioni e fondazioni intenzionate ad acquistare spazi pubblicitari sulle liste o sul sito e\/o collegate alla fornitura di un particolare servizio.<\/li>\n<li class=\"li1\">soggetti che debbano avere accesso ai dati, come da norme di legge o di normative secondarie e\/o comunitarie.<\/li>\n<\/ul>\n<p class=\"p1\"><b>Diritti dell\u2019interessato<\/b><\/p>\n<p class=\"p1\">Ai sensi ai sensi dell\u2019art. 7 (Diritto di accesso ai dati personali ed altri diritti) del Codice della Privacy, vi segnaliamo che i vostri diritti in ordine al trattamento dei dati sono:<\/p>\n<ul class=\"ul1\">\n<li class=\"li1\">conoscere, mediante accesso gratuito l\u2019esistenza di trattamenti di dati che possano riguardarvi;<\/li>\n<li class=\"li1\">essere informati sulla natura e sulle finalit\u00e0 del trattamento<\/li>\n<li class=\"li1\">ottenere a cura del titolare, senza ritardo:\n<ul class=\"ul1\">\n<li class=\"li1\">la conferma dell\u2019esistenza o meno di dati personali che vi riguardano, anche se non ancora registrati, e la comunicazione in forma intellegibile dei medesimi dati e della loro origine, nonch\u00e9 della logica e delle finalit\u00e0 su cui si basa il trattamento; la richiesta pu\u00f2 essere rinnovata, salva l\u2019esistenza di giustificati motivi, con intervallo non minore di novanta giorni;<\/li>\n<li class=\"li1\">la cancellazione, la trasformazione in forma anonima o il blocco dei dati trattati in violazione di legge, compresi quelli di cui non \u00e8 necessaria la conservazione in relazione agli scopi per i quali i dati sono stati raccolti o successivamente trattati;<\/li>\n<li class=\"li1\">l\u2019aggiornamento, la rettifica ovvero, qualora vi abbia interesse, l\u2019integrazione dei dati esistenti;<\/li>\n<li class=\"li1\">opporvi in tutto o in parte per motivi legittimi al trattamento dei dati personali che vi riguardano ancorch\u00e9 pertinenti allo scopo della raccolta;<\/li>\n<\/ul>\n<\/li>\n<\/ul>\n<p class=\"p1\">Vi segnaliamo che il titolare del trattamento ad ogni effetto di legge \u00e8:<\/p>\n<ul class=\"ul1\">\n<li class=\"li1\"><b>Arch Studio 96<\/b><\/li>\n<li class=\"li1\">P. IVA\u00a00000000000<\/li>\n<li class=\"li1\">Viale delle Province 96 \u2013\u00a0ROMA\u00a0(RM)<\/li>\n<li class=\"li1\">Tel\/Fax:\u00a006\/000000<\/li>\n<li class=\"li1\">E-mail:\u00a0info@archstudio96.com<\/li>\n<\/ul>\n<p class=\"p1\">Per esercitare i diritti previsti all\u2019art. 7 del Codice della Privacy ovvero per la cancellazione dei vostri dati dall\u2019archivio, \u00e8 sufficiente contattarci attraverso uno dei canali messi a disposizione.<\/p>\n<p class=\"p1\">Tutti i dati sono protetti attraverso l\u2019uso di antivirus, firewall e protezione attraverso password.<\/p>\n<p class=\"p1\">Informazioni per i bambini<\/p>\n<p class=\"p1\">Riteniamo importante assicurare una protezione aggiunta ai bambini online. Noi incoraggiamo i genitori e i tutori a trascorrere del tempo online con i loro figli per osservare, partecipare e\/o monitorare e guidare la loro attivit\u00e0 online. Noi non raccogliamo dati personali di minori. Se un genitore o un tutore crede che il nostro sito abbia nel suo database le informazioni personali di un bambino, vi preghiamo di contattarci immediatamente (utilizzando la mail fornita) e faremo di tutto per rimuovere tali informazioni il pi\u00f9 presto possibile.<\/p>\n<p class=\"p1\">Questa politica sulla privacy si applica solo alle nostre attivit\u00e0 online ed \u00e8 valida per i visitatori del nostro sito web e per quanto riguarda le informazioni condivise e\/o raccolte. Questa politica non si applica a qualsiasi informazione raccolta in modalit\u00e0 offline o tramite canali diversi da questo sito web.<\/p>\n<p class=\"p1\">Consenso<\/p>\n<p class=\"p1\">Usando il nostro sito web, acconsenti alla nostra politica sulla privacy e accetti i suoi termini. Se desideri ulteriori informazioni o hai domande sulla nostra politica sulla privacy non esitare a contattarci.<\/p>\n<p><!-- \/wp:heading --><\/p><\/div>\n\t\t\t\t<\/div>\n\t\t\t\t<\/div>\n\t\t\t\t\t<\/div>\n\t\t<\/div>\n\t\t\t\t\t\t\t<\/div>\n\t\t<\/section>\n\t\t\t\t\t\t<\/div>\n\t\t\t\t\t<\/div>\n\t\t","protected":false},"excerpt":{"rendered":"<p>Informativa ai sensi dell\u2019art. 13 del Codice della Privacy Ai sensi dell\u2019articolo 13 del codice della D.Lgs. 196\/2003, vi rendiamo le seguenti informazioni. Noi di\u00a0archstudio96.com\u00a0riteniamo che la privacy dei nostri visitatori sia estremamente importante. Questo documento descrive dettagliatamente i tipi di informazioni personali raccolti e registrati dal nostro sito e come essi vengano utilizzati. File [&hellip;]<\/p>\n","protected":false},"author":1,"featured_media":0,"parent":0,"menu_order":0,"comment_status":"closed","ping_status":"open","template":"elementor_header_footer","meta":{"footnotes":""},"class_list":["post-3","page","type-page","status-publish","hentry"],"yoast_head":"<!-- This site is optimized with the Yoast SEO plugin v15.9.2 - https:\/\/yoast.com\/wordpress\/plugins\/seo\/ -->\n<title>Privacy policy - Arch Studio 96<\/title>\n<link rel=\"canonical\" href=\"https:\/\/archstudio96.com\/index.php\/privacy-policy-2\/\" \/>\n<meta property=\"og:locale\" content=\"it_IT\" \/>\n<meta property=\"og:type\" content=\"article\" \/>\n<meta property=\"og:title\" content=\"Privacy policy - Arch Studio 96\" \/>\n<meta property=\"og:description\" content=\"Informativa ai sensi dell\u2019art. 13 del Codice della Privacy Ai sensi dell\u2019articolo 13 del codice della D.Lgs. 196\/2003, vi rendiamo le seguenti informazioni. Noi di\u00a0archstudio96.com\u00a0riteniamo che la privacy dei nostri visitatori sia estremamente importante. Questo documento descrive dettagliatamente i tipi di informazioni personali raccolti e registrati dal nostro sito e come essi vengano utilizzati. File [&hellip;]\" \/>\n<meta property=\"og:url\" content=\"https:\/\/archstudio96.com\/index.php\/privacy-policy-2\/\" \/>\n<meta property=\"og:site_name\" content=\"Arch Studio 96\" \/>\n<meta property=\"article:modified_time\" content=\"2021-03-31T00:49:55+00:00\" \/>\n<meta name=\"twitter:card\" content=\"summary_large_image\" \/>\n<meta name=\"twitter:label1\" content=\"Tempo di lettura stimato\">\n\t<meta name=\"twitter:data1\" content=\"7 minuti\">\n<script type=\"application\/ld+json\" class=\"yoast-schema-graph\">{\"@context\":\"https:\/\/schema.org\",\"@graph\":[{\"@type\":\"WebSite\",\"@id\":\"https:\/\/archstudio96.com\/#website\",\"url\":\"https:\/\/archstudio96.com\/\",\"name\":\"Arch Studio 96\",\"description\":\"Studio Ambizioso con Concept di successo\",\"potentialAction\":[{\"@type\":\"SearchAction\",\"target\":\"https:\/\/archstudio96.com\/?s={search_term_string}\",\"query-input\":\"required name=search_term_string\"}],\"inLanguage\":\"it-IT\"},{\"@type\":\"WebPage\",\"@id\":\"https:\/\/archstudio96.com\/index.php\/privacy-policy-2\/#webpage\",\"url\":\"https:\/\/archstudio96.com\/index.php\/privacy-policy-2\/\",\"name\":\"Privacy policy - Arch Studio 96\",\"isPartOf\":{\"@id\":\"https:\/\/archstudio96.com\/#website\"},\"datePublished\":\"2021-02-07T10:57:17+00:00\",\"dateModified\":\"2021-03-31T00:49:55+00:00\",\"breadcrumb\":{\"@id\":\"https:\/\/archstudio96.com\/index.php\/privacy-policy-2\/#breadcrumb\"},\"inLanguage\":\"it-IT\",\"potentialAction\":[{\"@type\":\"ReadAction\",\"target\":[\"https:\/\/archstudio96.com\/index.php\/privacy-policy-2\/\"]}]},{\"@type\":\"BreadcrumbList\",\"@id\":\"https:\/\/archstudio96.com\/index.php\/privacy-policy-2\/#breadcrumb\",\"itemListElement\":[{\"@type\":\"ListItem\",\"position\":1,\"item\":{\"@type\":\"WebPage\",\"@id\":\"https:\/\/archstudio96.com\/\",\"url\":\"https:\/\/archstudio96.com\/\",\"name\":\"Home\"}},{\"@type\":\"ListItem\",\"position\":2,\"item\":{\"@type\":\"WebPage\",\"@id\":\"https:\/\/archstudio96.com\/index.php\/privacy-policy-2\/\",\"url\":\"https:\/\/archstudio96.com\/index.php\/privacy-policy-2\/\",\"name\":\"Privacy policy\"}}]}]}<\/script>\n<!-- \/ Yoast SEO plugin. -->","_links":{"self":[{"href":"https:\/\/archstudio96.com\/index.php\/wp-json\/wp\/v2\/pages\/3","targetHints":{"allow":["GET"]}}],"collection":[{"href":"https:\/\/archstudio96.com\/index.php\/wp-json\/wp\/v2\/pages"}],"about":[{"href":"https:\/\/archstudio96.com\/index.php\/wp-json\/wp\/v2\/types\/page"}],"author":[{"embeddable":true,"href":"https:\/\/archstudio96.com\/index.php\/wp-json\/wp\/v2\/users\/1"}],"replies":[{"embeddable":true,"href":"https:\/\/archstudio96.com\/index.php\/wp-json\/wp\/v2\/comments?post=3"}],"version-history":[{"count":0,"href":"https:\/\/archstudio96.com\/index.php\/wp-json\/wp\/v2\/pages\/3\/revisions"}],"wp:attachment":[{"href":"https:\/\/archstudio96.com\/index.php\/wp-json\/wp\/v2\/media?parent=3"}],"curies":[{"name":"wp","href":"https:\/\/api.w.org\/{rel}","templated":true}]}}